{"id":2826,"date":"2024-04-15T23:05:40","date_gmt":"2024-04-15T23:05:40","guid":{"rendered":"https:\/\/kafedore.co\/?page_id=2826"},"modified":"2024-06-05T18:22:39","modified_gmt":"2024-06-05T18:22:39","slug":"alasoley","status":"publish","type":"page","link":"https:\/\/kafedore.co\/index.php\/alasoley\/","title":{"rendered":"Alasol\u00e8y"},"content":{"rendered":"\t\t<div data-elementor-type=\"wp-page\" data-elementor-id=\"2826\" class=\"elementor elementor-2826\" data-elementor-post-type=\"page\">\n\t\t\t\t<div class=\"elementor-element elementor-element-4944483 e-con-full e-flex e-con e-parent\" data-id=\"4944483\" data-element_type=\"container\">\n\t\t\t\t<div class=\"elementor-element elementor-element-bdf09df elementor-widget elementor-widget-image\" data-id=\"bdf09df\" data-element_type=\"widget\" data-widget_type=\"image.default\">\n\t\t\t\t<div class=\"elementor-widget-container\">\n\t\t\t\t\t\t\t\t\t\t\t\t\t\t\t<img fetchpriority=\"high\" decoding=\"async\" width=\"768\" height=\"238\" src=\"https:\/\/kafedore.co\/wp-content\/uploads\/2024\/03\/Alasoley-logo.png-good-1-768x238.png\" class=\"attachment-medium_large size-medium_large wp-image-2545\" alt=\"\" srcset=\"https:\/\/kafedore.co\/wp-content\/uploads\/2024\/03\/Alasoley-logo.png-good-1-768x238.png 768w, https:\/\/kafedore.co\/wp-content\/uploads\/2024\/03\/Alasoley-logo.png-good-1-300x93.png 300w, https:\/\/kafedore.co\/wp-content\/uploads\/2024\/03\/Alasoley-logo.png-good-1-1024x318.png 1024w, https:\/\/kafedore.co\/wp-content\/uploads\/2024\/03\/Alasoley-logo.png-good-1-600x186.png 600w, https:\/\/kafedore.co\/wp-content\/uploads\/2024\/03\/Alasoley-logo.png-good-1.png 1496w\" sizes=\"(max-width: 768px) 100vw, 768px\" \/>\t\t\t\t\t\t\t\t\t\t\t\t\t\t\t<\/div>\n\t\t\t\t<\/div>\n\t\t\t\t<div class=\"elementor-element elementor-element-128ab3b elementor-widget elementor-widget-heading\" data-id=\"128ab3b\" data-element_type=\"widget\" data-widget_type=\"heading.default\">\n\t\t\t\t<div class=\"elementor-widget-container\">\n\t\t\t\t\t<h2 class=\"elementor-heading-title elementor-size-default\"><font style=\"vertical-align: inherit\"><font style=\"vertical-align: inherit\" class=\"VIpgJd-yAWNEb-VIpgJd-fmcmS-sn54Q\"><font style=\"vertical-align: inherit\"><font style=\"vertical-align: inherit\" class=\"VIpgJd-yAWNEb-VIpgJd-fmcmS-sn54Q\"><font style=\"vertical-align: inherit\"><font style=\"vertical-align: inherit\"><font style=\"vertical-align: inherit\"><font style=\"vertical-align: inherit\" class=\"\"><font style=\"vertical-align: inherit\"><font style=\"vertical-align: inherit\" class=\"\"><font style=\"vertical-align: inherit\"><font style=\"vertical-align: inherit\" class=\"\"><font style=\"vertical-align: inherit\"><font style=\"vertical-align: inherit\" class=\"VIpgJd-yAWNEb-VIpgJd-fmcmS-sn54Q\">Pour l'amour de l'art et de l'artisanat, pour la formation et la libert\u00e9 d'exercer un m\u00e9tier, pour la th\u00e9rapie et la slidarite collective, on vous pr\u00e9sentera bientot Alasoley.<\/font><\/font><\/font><\/font><\/font><\/font><\/font><\/font><\/font><\/font><\/font><\/font><\/font><\/font><font style=\"vertical-align: inherit\"><font style=\"vertical-align: inherit\"><\/font><\/font><font style=\"vertical-align: inherit\"><font style=\"vertical-align: inherit\"><\/font><\/font><font style=\"vertical-align: inherit\"><font style=\"vertical-align: inherit\"><\/font><\/font><\/h2>\t\t\t\t<\/div>\n\t\t\t\t<\/div>\n\t\t\t\t<\/div>\n\t\t\t\t<\/div>\n\t\t","protected":false},"excerpt":{"rendered":"<p>Pour l&#8217;amour de l&#8217;art et de l&#8217;artisanat, pour la formation et la libert\u00e9 d&#8217;exercer un m\u00e9tier, pour la th\u00e9rapie et la slidarite collective, on vous pr\u00e9sentera bientot Alasoley.<\/p>\n","protected":false},"author":1,"featured_media":0,"parent":0,"menu_order":0,"comment_status":"closed","ping_status":"closed","template":"elementor_header_footer","meta":{"footnotes":""},"class_list":["post-2826","page","type-page","status-publish","hentry"],"blocksy_meta":[],"yoast_head":"<!-- This site is optimized with the Yoast SEO plugin v26.3 - https:\/\/yoast.com\/wordpress\/plugins\/seo\/ -->\n<title>Alasol\u00e8y - Kafedore<\/title>\n<meta name=\"robots\" content=\"index, follow, max-snippet:-1, max-image-preview:large, max-video-preview:-1\" \/>\n<link rel=\"canonical\" href=\"https:\/\/kafedore.co\/index.php\/alasoley\/\" \/>\n<meta property=\"og:locale\" content=\"en_US\" \/>\n<meta property=\"og:type\" content=\"article\" \/>\n<meta property=\"og:title\" content=\"Alasol\u00e8y - Kafedore\" \/>\n<meta property=\"og:description\" content=\"Pour l&#8217;amour de l&#8217;art et de l&#8217;artisanat, pour la formation et la libert\u00e9 d&#8217;exercer un m\u00e9tier, pour la th\u00e9rapie et la slidarite collective, on vous pr\u00e9sentera bientot Alasoley.\" \/>\n<meta property=\"og:url\" content=\"https:\/\/kafedore.co\/index.php\/alasoley\/\" \/>\n<meta property=\"og:site_name\" content=\"Kafedore\" \/>\n<meta property=\"article:publisher\" content=\"https:\/\/facebook.com\/kafedore\" \/>\n<meta property=\"article:modified_time\" content=\"2024-06-05T18:22:39+00:00\" \/>\n<meta property=\"og:image\" content=\"https:\/\/kafedore.co\/wp-content\/uploads\/2024\/03\/Alasoley-logo.png-good-1-768x238.png\" \/>\n<meta name=\"twitter:card\" content=\"summary_large_image\" \/>\n<meta name=\"twitter:label1\" content=\"Est. reading time\" \/>\n\t<meta name=\"twitter:data1\" content=\"1 minute\" \/>\n<script type=\"application\/ld+json\" class=\"yoast-schema-graph\">{\"@context\":\"https:\/\/schema.org\",\"@graph\":[{\"@type\":\"WebPage\",\"@id\":\"https:\/\/kafedore.co\/index.php\/alasoley\/\",\"url\":\"https:\/\/kafedore.co\/index.php\/alasoley\/\",\"name\":\"Alasol\u00e8y - Kafedore\",\"isPartOf\":{\"@id\":\"https:\/\/kafedore.co\/#website\"},\"primaryImageOfPage\":{\"@id\":\"https:\/\/kafedore.co\/index.php\/alasoley\/#primaryimage\"},\"image\":{\"@id\":\"https:\/\/kafedore.co\/index.php\/alasoley\/#primaryimage\"},\"thumbnailUrl\":\"https:\/\/kafedore.co\/wp-content\/uploads\/2024\/03\/Alasoley-logo.png-good-1-768x238.png\",\"datePublished\":\"2024-04-15T23:05:40+00:00\",\"dateModified\":\"2024-06-05T18:22:39+00:00\",\"breadcrumb\":{\"@id\":\"https:\/\/kafedore.co\/index.php\/alasoley\/#breadcrumb\"},\"inLanguage\":\"en-US\",\"potentialAction\":[{\"@type\":\"ReadAction\",\"target\":[\"https:\/\/kafedore.co\/index.php\/alasoley\/\"]}]},{\"@type\":\"ImageObject\",\"inLanguage\":\"en-US\",\"@id\":\"https:\/\/kafedore.co\/index.php\/alasoley\/#primaryimage\",\"url\":\"https:\/\/kafedore.co\/wp-content\/uploads\/2024\/03\/Alasoley-logo.png-good-1.png\",\"contentUrl\":\"https:\/\/kafedore.co\/wp-content\/uploads\/2024\/03\/Alasoley-logo.png-good-1.png\",\"width\":1496,\"height\":464},{\"@type\":\"BreadcrumbList\",\"@id\":\"https:\/\/kafedore.co\/index.php\/alasoley\/#breadcrumb\",\"itemListElement\":[{\"@type\":\"ListItem\",\"position\":1,\"name\":\"Home\",\"item\":\"https:\/\/kafedore.co\/\"},{\"@type\":\"ListItem\",\"position\":2,\"name\":\"Alasol\u00e8y\"}]},{\"@type\":\"WebSite\",\"@id\":\"https:\/\/kafedore.co\/#website\",\"url\":\"https:\/\/kafedore.co\/\",\"name\":\"Kafedore\",\"description\":\"\",\"publisher\":{\"@id\":\"https:\/\/kafedore.co\/#organization\"},\"potentialAction\":[{\"@type\":\"SearchAction\",\"target\":{\"@type\":\"EntryPoint\",\"urlTemplate\":\"https:\/\/kafedore.co\/?s={search_term_string}\"},\"query-input\":{\"@type\":\"PropertyValueSpecification\",\"valueRequired\":true,\"valueName\":\"search_term_string\"}}],\"inLanguage\":\"en-US\"},{\"@type\":\"Organization\",\"@id\":\"https:\/\/kafedore.co\/#organization\",\"name\":\"Kafedore\",\"url\":\"https:\/\/kafedore.co\/\",\"logo\":{\"@type\":\"ImageObject\",\"inLanguage\":\"en-US\",\"@id\":\"https:\/\/kafedore.co\/#\/schema\/logo\/image\/\",\"url\":\"https:\/\/kafedore.co\/wp-content\/uploads\/2025\/11\/kafedore-1.png\",\"contentUrl\":\"https:\/\/kafedore.co\/wp-content\/uploads\/2025\/11\/kafedore-1.png\",\"width\":500,\"height\":144,\"caption\":\"Kafedore\"},\"image\":{\"@id\":\"https:\/\/kafedore.co\/#\/schema\/logo\/image\/\"},\"sameAs\":[\"https:\/\/facebook.com\/kafedore\",\"https:\/\/www.instagram.com\/kafedore\",\"https:\/\/www.tiktok.com\/@kafedore\"]}]}<\/script>\n<!-- \/ Yoast SEO plugin. -->","yoast_head_json":{"title":"Alasol\u00e8y - Kafedore","robots":{"index":"index","follow":"follow","max-snippet":"max-snippet:-1","max-image-preview":"max-image-preview:large","max-video-preview":"max-video-preview:-1"},"canonical":"https:\/\/kafedore.co\/index.php\/alasoley\/","og_locale":"en_US","og_type":"article","og_title":"Alasol\u00e8y - Kafedore","og_description":"Pour l&#8217;amour de l&#8217;art et de l&#8217;artisanat, pour la formation et la libert\u00e9 d&#8217;exercer un m\u00e9tier, pour la th\u00e9rapie et la slidarite collective, on vous pr\u00e9sentera bientot Alasoley.","og_url":"https:\/\/kafedore.co\/index.php\/alasoley\/","og_site_name":"Kafedore","article_publisher":"https:\/\/facebook.com\/kafedore","article_modified_time":"2024-06-05T18:22:39+00:00","og_image":[{"url":"https:\/\/kafedore.co\/wp-content\/uploads\/2024\/03\/Alasoley-logo.png-good-1-768x238.png","type":"","width":"","height":""}],"twitter_card":"summary_large_image","twitter_misc":{"Est. reading time":"1 minute"},"schema":{"@context":"https:\/\/schema.org","@graph":[{"@type":"WebPage","@id":"https:\/\/kafedore.co\/index.php\/alasoley\/","url":"https:\/\/kafedore.co\/index.php\/alasoley\/","name":"Alasol\u00e8y - Kafedore","isPartOf":{"@id":"https:\/\/kafedore.co\/#website"},"primaryImageOfPage":{"@id":"https:\/\/kafedore.co\/index.php\/alasoley\/#primaryimage"},"image":{"@id":"https:\/\/kafedore.co\/index.php\/alasoley\/#primaryimage"},"thumbnailUrl":"https:\/\/kafedore.co\/wp-content\/uploads\/2024\/03\/Alasoley-logo.png-good-1-768x238.png","datePublished":"2024-04-15T23:05:40+00:00","dateModified":"2024-06-05T18:22:39+00:00","breadcrumb":{"@id":"https:\/\/kafedore.co\/index.php\/alasoley\/#breadcrumb"},"inLanguage":"en-US","potentialAction":[{"@type":"ReadAction","target":["https:\/\/kafedore.co\/index.php\/alasoley\/"]}]},{"@type":"ImageObject","inLanguage":"en-US","@id":"https:\/\/kafedore.co\/index.php\/alasoley\/#primaryimage","url":"https:\/\/kafedore.co\/wp-content\/uploads\/2024\/03\/Alasoley-logo.png-good-1.png","contentUrl":"https:\/\/kafedore.co\/wp-content\/uploads\/2024\/03\/Alasoley-logo.png-good-1.png","width":1496,"height":464},{"@type":"BreadcrumbList","@id":"https:\/\/kafedore.co\/index.php\/alasoley\/#breadcrumb","itemListElement":[{"@type":"ListItem","position":1,"name":"Home","item":"https:\/\/kafedore.co\/"},{"@type":"ListItem","position":2,"name":"Alasol\u00e8y"}]},{"@type":"WebSite","@id":"https:\/\/kafedore.co\/#website","url":"https:\/\/kafedore.co\/","name":"Kafedore","description":"","publisher":{"@id":"https:\/\/kafedore.co\/#organization"},"potentialAction":[{"@type":"SearchAction","target":{"@type":"EntryPoint","urlTemplate":"https:\/\/kafedore.co\/?s={search_term_string}"},"query-input":{"@type":"PropertyValueSpecification","valueRequired":true,"valueName":"search_term_string"}}],"inLanguage":"en-US"},{"@type":"Organization","@id":"https:\/\/kafedore.co\/#organization","name":"Kafedore","url":"https:\/\/kafedore.co\/","logo":{"@type":"ImageObject","inLanguage":"en-US","@id":"https:\/\/kafedore.co\/#\/schema\/logo\/image\/","url":"https:\/\/kafedore.co\/wp-content\/uploads\/2025\/11\/kafedore-1.png","contentUrl":"https:\/\/kafedore.co\/wp-content\/uploads\/2025\/11\/kafedore-1.png","width":500,"height":144,"caption":"Kafedore"},"image":{"@id":"https:\/\/kafedore.co\/#\/schema\/logo\/image\/"},"sameAs":["https:\/\/facebook.com\/kafedore","https:\/\/www.instagram.com\/kafedore","https:\/\/www.tiktok.com\/@kafedore"]}]}},"_links":{"self":[{"href":"https:\/\/kafedore.co\/index.php\/wp-json\/wp\/v2\/pages\/2826","targetHints":{"allow":["GET"]}}],"collection":[{"href":"https:\/\/kafedore.co\/index.php\/wp-json\/wp\/v2\/pages"}],"about":[{"href":"https:\/\/kafedore.co\/index.php\/wp-json\/wp\/v2\/types\/page"}],"author":[{"embeddable":true,"href":"https:\/\/kafedore.co\/index.php\/wp-json\/wp\/v2\/users\/1"}],"replies":[{"embeddable":true,"href":"https:\/\/kafedore.co\/index.php\/wp-json\/wp\/v2\/comments?post=2826"}],"version-history":[{"count":22,"href":"https:\/\/kafedore.co\/index.php\/wp-json\/wp\/v2\/pages\/2826\/revisions"}],"predecessor-version":[{"id":3091,"href":"https:\/\/kafedore.co\/index.php\/wp-json\/wp\/v2\/pages\/2826\/revisions\/3091"}],"wp:attachment":[{"href":"https:\/\/kafedore.co\/index.php\/wp-json\/wp\/v2\/media?parent=2826"}],"curies":[{"name":"wp","href":"https:\/\/api.w.org\/{rel}","templated":true}]}}